{"id":150,"date":"2016-01-07T23:05:23","date_gmt":"2016-01-07T22:05:23","guid":{"rendered":"http:\/\/www.musialski.com.pl\/?page_id=150"},"modified":"2019-10-01T12:50:35","modified_gmt":"2019-10-01T10:50:35","slug":"o-mnie","status":"publish","type":"page","link":"https:\/\/www.musialski.com.pl\/index.php\/o-mnie\/","title":{"rendered":"O mnie"},"content":{"rendered":"<h3 style=\"text-align: center;\"><img decoding=\"async\" loading=\"lazy\" class=\"aligncenter size-full wp-image-1060\" src=\"http:\/\/www.musialski.com.pl\/wp-content\/uploads\/2016\/01\/slider_9.jpg\" alt=\"\" width=\"1920\" height=\"501\" srcset=\"https:\/\/www.musialski.com.pl\/wp-content\/uploads\/2016\/01\/slider_9.jpg 1920w, https:\/\/www.musialski.com.pl\/wp-content\/uploads\/2016\/01\/slider_9-300x78.jpg 300w, https:\/\/www.musialski.com.pl\/wp-content\/uploads\/2016\/01\/slider_9-768x200.jpg 768w, https:\/\/www.musialski.com.pl\/wp-content\/uploads\/2016\/01\/slider_9-1024x267.jpg 1024w, https:\/\/www.musialski.com.pl\/wp-content\/uploads\/2016\/01\/slider_9-1533x400.jpg 1533w\" sizes=\"(max-width: 1920px) 100vw, 1920px\" \/><\/h3>\n<p style=\"text-align: center;\"><div class='content-column one_third'><div style=\"padding-right:15px;padding-left:15px;\"><h4 style=\"text-align: center;\"><strong>Je\u015bli&#8230;<\/strong><\/h4>\n<p style=\"text-align: center;\">&#8230;zechcecie wpu\u015bci\u0107 mnie na chwil\u0119 do swojego \u017cycia.\u00a0 W dniu \u015blubu stan\u0119 si\u0119 obserwatorem. Zapoluj\u0119 z ukrycia na najpi\u0119kniejsze chwile, szczere emocje i rozbawionych ludzi. Wykorzystam \u015bwiat\u0142o s\u0142oneczne padaj\u0105ce przez okna na pok\u00f3j, w kt\u00f3rym si\u0119 szykujecie i \u015bwiat\u0142o \u015bwieczek na Waszym weselnym stole by utrwali\u0107 klimat imprezy, na kt\u00f3r\u0105 tak d\u0142ugo czekali\u015bcie.<br \/>\nW dniu sesji plenerowej stan\u0119 si\u0119 re\u017cyserem \u2013 wsp\u00f3lnie z Wami wykreujemy <strong>\u201e<em>histori\u0119 pewnej znajomo\u015bci<\/em>\u201d<\/strong> .<\/div><\/div><div class='content-column one_third'><div style=\"padding-right:15px;padding-left:15px;\"><h4 style=\"text-align: center;\"><strong>Co Wy na to?<\/strong><\/h4>\n<p style=\"text-align: center;\">Je\u015bli podoba Wam si\u0119 taka wizja, napiszcie do mnie lub zadzwo\u0144cie. Ch\u0119tnie opowiem co mog\u0119 dla Was zrobi\u0107 by utrwali\u0107 te wyj\u0105tkowe wydarzenia.<br \/>\nPorozmawiamy i poznamy si\u0119. Nawet najlepsze portfolio nie zast\u0105pi pozytywnej relacji:)<\/div><\/div><\/p>\n<p style=\"text-align: center;\"><div class='content-column one_third last_column'><h4 style=\"text-align: center;\"><strong>Jak pracuj\u0119?<\/strong><\/h4>\n<p style=\"text-align: center;\">Poza tym, \u017ce poluj\u0119 na emocje \u2013 jestem reporta\u017cyst\u0105. Ceni\u0119 sobie naturalne kadry i spontaniczne sytuacje. Jestem tam gdzie dzieje si\u0119 co\u015b ciekawego, a sam staram si\u0119 by\u0107 niewidoczny. Chc\u0119 \u017ceby\u015bcie czuli si\u0119 komfortowo i \u017ceby reporta\u017c odbywa\u0142 si\u0119 w pozytywnej atmosferze:) Staram si\u0119 aby Wasz wyj\u0105tkowy dzie\u0144 zosta\u0142 utrwalony w spos\u00f3b, kt\u00f3ry wywo\u0142a emocje.<\/div><div class='clear_column'><\/div><\/p>\n","protected":false},"excerpt":{"rendered":"","protected":false},"author":1,"featured_media":0,"parent":0,"menu_order":0,"comment_status":"closed","ping_status":"closed","template":"my-templates\/template-fullwidth.php","meta":[],"_links":{"self":[{"href":"https:\/\/www.musialski.com.pl\/index.php\/wp-json\/wp\/v2\/pages\/150"}],"collection":[{"href":"https:\/\/www.musialski.com.pl\/index.php\/wp-json\/wp\/v2\/pages"}],"about":[{"href":"https:\/\/www.musialski.com.pl\/index.php\/wp-json\/wp\/v2\/types\/page"}],"author":[{"embeddable":true,"href":"https:\/\/www.musialski.com.pl\/index.php\/wp-json\/wp\/v2\/users\/1"}],"replies":[{"embeddable":true,"href":"https:\/\/www.musialski.com.pl\/index.php\/wp-json\/wp\/v2\/comments?post=150"}],"version-history":[{"count":53,"href":"https:\/\/www.musialski.com.pl\/index.php\/wp-json\/wp\/v2\/pages\/150\/revisions"}],"predecessor-version":[{"id":2209,"href":"https:\/\/www.musialski.com.pl\/index.php\/wp-json\/wp\/v2\/pages\/150\/revisions\/2209"}],"wp:attachment":[{"href":"https:\/\/www.musialski.com.pl\/index.php\/wp-json\/wp\/v2\/media?parent=150"}],"curies":[{"name":"wp","href":"https:\/\/api.w.org\/{rel}","templated":true}]}}