{"id":1021,"date":"2017-03-25T12:22:21","date_gmt":"2017-03-25T12:22:21","guid":{"rendered":"http:\/\/webdesigncup.net\/demowp\/luminis\/?page_id=158"},"modified":"2019-10-18T13:04:39","modified_gmt":"2019-10-18T11:04:39","slug":"contact","status":"publish","type":"page","link":"https:\/\/www.musialski.com.pl\/index.php\/contact\/","title":{"rendered":"Kontakt"},"content":{"rendered":"\n<p>Poni\u017cej znajd\u0105 Pa\u0144stwo m\u00f3j mail, w razie pyta\u0144 zapraszam do rozmowy na pewno odpisz\u0119:)<\/p>\n\n\n\n<ul><li>email:  m.musialski.fotografia@gmail.com <\/li><\/ul>\n\n\n\n<p>\nPolityka prywatno\u015bci strony internetowej www.musialski.com.pl<br>\n<font size=\"2\"> <br>\n1. Niniejsza Polityka Prywatno\u015bci okre\u015bla zasady przetwarzania i ochrony danych osobowychprzekazanych przez U\u017cytkownik\u00f3w w zwi\u0105zku z korzystaniem przez nich z us\u0142ug oferowanych poprzez www.musialski.com.pl \n2. Administratorem danych osobowych zawartych w serwisie jest:\nMarcin Musialski <br>\n1. W trosce o bezpiecze\u0144stwo powierzonych nam danych opracowali\u015bmy wewn\u0119trzne procedury i zalecenia, kt\u00f3re maj\u0105 zapobiec udost\u0119pnieniu danych osobom nieupowa\u017cnionym. Kontrolujemy ich wykonywanie i stale sprawdzamy ich zgodno\u015b\u0107 z odpowiednimi aktami prawnymi &#8211; ustaw\u0105 o ochronie danych osobowych, ustaw\u0105 o \u015bwiadczeniu us\u0142ug drog\u0105 elektroniczn\u0105, a tak\u017ce wszelkiego rodzaju aktami wykonawczymi i aktami prawa wsp\u00f3lnotowego, przede wszystkim Rozporz\u0105dzeniem Parlamentu Europejskiego i Rady (UE) 2016\/679 z dnia 27 kwietnia 2016 r. w\nsprawie ochrony os\u00f3b fizycznych w zwi\u0105zku z przetwarzaniem danych osobowych i w sprawie swobodnego przep\u0142ywu takich danych oraz uchylenia dyrektywy 95\/46\/WE (og\u00f3lne rozporz\u0105dzenie o ochronie danych \u2013 dalej RODO).\n2. Dane Osobowe przetwarzane s\u0105 na podstawie dobrowolnej zgody wyra\u017conej przez\nU\u017cytkownika oraz w przypadkach, w kt\u00f3rych przepisy prawa upowa\u017cniaj\u0105 Administratora do przetwarzania danych osobowych na podstawie przepis\u00f3w prawa lub w celu realizacji zawartej pomi\u0119dzy stronami umowy.\n3. Serwis realizuje funkcje pozyskiwania informacji o u\u017cytkownikach i ich zachowaniach w nast\u0119puj\u0105cy spos\u00f3b:<br>\na) poprzez dobrowolnie wprowadzone w formularzach informacje,<br>\nb) poprzez gromadzenie plik\u00f3w \u201ccookies\u201d (patrz polityka plik\u00f3w \u201ccookies\u201d).<br>\n1. Serwis zbiera informacje dobrowolnie podane przez u\u017cytkownika.\n2. Dane podane w formularzu s\u0105 przetwarzane w celu wynikaj\u0105cym z funkcji konkretnego formularza np. w celu przedstawienia oferty przez Administratora.\n3. Dane osobowe pozostawione w serwisie nie zostan\u0105 sprzedane ani udost\u0119pnione osobom trzecim, zgodnie z przepisami Ustawy o ochronie danych osobowych.\n4. Do danych zawartych w formularzu przys\u0142uguje w ka\u017cdym momencie wgl\u0105d osobie fizycznej,kt\u00f3ra je tam umie\u015bci\u0142a. Osoba ta ma r\u00f3wnie\u017c prawo do ich sprostowania, usuni\u0119cia lub ograniczenia przetwarzania, prawo do wniesienia sprzeciwu wobec przetwarzania, a tak\u017ce prawo do przenoszenia danych.\n5. Je\u017celi osoba, kt\u00f3rej dane s\u0105 przechowywane przez Administratora uzna, \u017ce dane przetwarzane s\u0105 niezgodnie z przepisami prawa, przys\u0142uguje jej prawo wniesienia skargi do organu nadzorczego.\n6. Dane osobowe przechowywane b\u0119d\u0105 przez Administratora przez okres prowadzenia przez niego dzia\u0142alno\u015bci, chyba \u017ce wcze\u015bniej u\u017cytkownik zrezygnuje ze \u015bwiadczonych us\u0142ug, co\nspowoduje trwa\u0142e usuni\u0119cie danych z bazy.\n7. Zastrzegamy sobie prawo do zmiany w polityce ochrony prywatno\u015bci serwisu, na kt\u00f3re mo\u017ce\nwp\u0142yn\u0105\u0107 rozw\u00f3j technologii internetowej, ewentualne zmiany prawa w zakresie ochrony danych\nosobowych oraz rozw\u00f3j naszego serwisu internetowego. O wszelkich zmianach b\u0119dziemy\ninformowa\u0107 w spos\u00f3b widoczny i zrozumia\u0142y.\n8. W razie w\u0105tpliwo\u015bci co kt\u00f3regokolwiek z zapis\u00f3w niniejszej polityki prywatno\u015bci jeste\u015bmy do\ndyspozycji &#8211; nasze dane znale\u017a\u0107 mo\u017cna w zak\u0142adce &#8211; KONTAKT.\n9.Wyra\u017cenie zgody jest odwo\u0142alne<\/font><\/p>\n","protected":false},"excerpt":{"rendered":"<p>Poni\u017cej znajd\u0105 Pa\u0144stwo m\u00f3j mail, w razie pyta\u0144 zapraszam do rozmowy na pewno odpisz\u0119:) email: m.musialski.fotografia@gmail.com Polityka prywatno\u015bci strony internetowej www.musialski.com.pl 1. Niniejsza Polityka Prywatno\u015bci okre\u015bla zasady przetwarzania i ochrony danych osobowychprzekazanych przez U\u017cytkownik\u00f3w w zwi\u0105zku z korzystaniem przez nich z us\u0142ug oferowanych poprzez www.musialski.com.pl 2. Administratorem danych osobowych zawartych w serwisie jest: Marcin Musialski 1. W trosce o bezpiecze\u0144stwo&#8230;<\/p>\n","protected":false},"author":1,"featured_media":0,"parent":0,"menu_order":0,"comment_status":"closed","ping_status":"closed","template":"my-templates\/template-fullwidth.php","meta":[],"_links":{"self":[{"href":"https:\/\/www.musialski.com.pl\/index.php\/wp-json\/wp\/v2\/pages\/1021"}],"collection":[{"href":"https:\/\/www.musialski.com.pl\/index.php\/wp-json\/wp\/v2\/pages"}],"about":[{"href":"https:\/\/www.musialski.com.pl\/index.php\/wp-json\/wp\/v2\/types\/page"}],"author":[{"embeddable":true,"href":"https:\/\/www.musialski.com.pl\/index.php\/wp-json\/wp\/v2\/users\/1"}],"replies":[{"embeddable":true,"href":"https:\/\/www.musialski.com.pl\/index.php\/wp-json\/wp\/v2\/comments?post=1021"}],"version-history":[{"count":8,"href":"https:\/\/www.musialski.com.pl\/index.php\/wp-json\/wp\/v2\/pages\/1021\/revisions"}],"predecessor-version":[{"id":2224,"href":"https:\/\/www.musialski.com.pl\/index.php\/wp-json\/wp\/v2\/pages\/1021\/revisions\/2224"}],"wp:attachment":[{"href":"https:\/\/www.musialski.com.pl\/index.php\/wp-json\/wp\/v2\/media?parent=1021"}],"curies":[{"name":"wp","href":"https:\/\/api.w.org\/{rel}","templated":true}]}}